{"id":776,"date":"2025-12-02T08:56:04","date_gmt":"2025-12-02T08:56:04","guid":{"rendered":"http:\/\/sarihaliyikama.com\/?page_id=776"},"modified":"2026-02-03T18:02:42","modified_gmt":"2026-02-03T18:02:42","slug":"iletisim","status":"publish","type":"page","link":"https:\/\/sarihaliyikama.com\/index.php\/iletisim\/","title":{"rendered":"\u0130LET\u0130\u015e\u0130M"},"content":{"rendered":"<div data-colibri-id=\"776-c1\" class=\"style-794 style-local-776-c1 position-relative\">\r\n  <!---->\r\n  <div data-colibri-component=\"section\" data-colibri-id=\"776-c17\" id=\"custom\" class=\"h-section h-section-global-spacing d-flex align-items-lg-center align-items-md-center align-items-center style-810 style-local-776-c17 position-relative\">\r\n    <!---->\r\n    <!---->\r\n    <div class=\"h-section-grid-container h-section-boxed-container\">\r\n      <!---->\r\n      <div data-colibri-id=\"776-c18\" class=\"h-row-container gutters-row-lg-2 gutters-row-md-2 gutters-row-0 gutters-row-v-lg-2 gutters-row-v-md-2 gutters-row-v-2 style-811 style-local-776-c18 position-relative\">\r\n        <!---->\r\n        <div class=\"h-row justify-content-lg-center justify-content-md-center justify-content-center align-items-lg-stretch align-items-md-stretch align-items-stretch gutters-col-lg-2 gutters-col-md-2 gutters-col-0 gutters-col-v-lg-2 gutters-col-v-md-2 gutters-col-v-2\">\r\n          <!---->\r\n          <div class=\"h-column h-column-container d-flex h-col-lg-auto h-col-md-auto h-col-auto style-812-outer style-local-776-c19-outer\">\r\n            <div data-colibri-id=\"776-c19\" class=\"d-flex h-flex-basis h-column__inner h-px-lg-2 h-px-md-2 h-px-2 v-inner-lg-2 v-inner-md-2 v-inner-2 style-812 style-local-776-c19 position-relative\">\r\n              <!---->\r\n              <!---->\r\n              <div class=\"w-100 h-y-container h-column__content h-column__v-align flex-basis-100 align-self-lg-start align-self-md-start align-self-start\">\r\n                <!---->\r\n                <div data-colibri-id=\"776-c20\" class=\"h-text h-text-component style-813 style-local-776-c20 position-relative h-element\">\r\n                  <!---->\r\n                  <!---->\r\n                  <div class=\"\">\r\n                    <p>Fabrika Tel : 0282 502 42 43<\/p>\r\n                    <p>Servis Tel : 0501 680 42 43<\/p>\r\n                    <p>Whatsapp : 0501 680 42 43<\/p>\r\n                    <p>Fabrika adresi :Velik\u00f6y Mahallesi 92.cadde no :7<\/p>\r\n                  <\/div>\r\n                <\/div>\r\n              <\/div>\r\n            <\/div>\r\n          <\/div>\r\n        <\/div>\r\n      <\/div>\r\n    <\/div>\r\n  <\/div>\r\n<\/div>","protected":false},"excerpt":{"rendered":"<p>Fabrika Tel : 0282 502 42 43 Servis Tel : 0501 680 42 43 Whatsapp : 0501 680 42 43 Fabrika adresi :Velik\u00f6y Mahallesi 92.cadde no :7<\/p>\n","protected":false},"author":1,"featured_media":0,"parent":0,"menu_order":4,"comment_status":"closed","ping_status":"closed","template":"page-templates\/full-width-page.php","meta":{"om_disable_all_campaigns":false,"_uag_custom_page_level_css":"","_monsterinsights_skip_tracking":false,"_monsterinsights_sitenote_active":false,"_monsterinsights_sitenote_note":"","_monsterinsights_sitenote_category":0,"footnotes":""},"class_list":["post-776","page","type-page","status-publish","hentry"],"aioseo_notices":[],"uagb_featured_image_src":{"full":false,"thumbnail":false,"medium":false,"medium_large":false,"large":false,"1536x1536":false,"2048x2048":false},"uagb_author_info":{"display_name":"admin","author_link":"https:\/\/sarihaliyikama.com\/index.php\/author\/admin\/"},"uagb_comment_info":0,"uagb_excerpt":"Fabrika Tel : 0282 502 42 43 Servis Tel : 0501 680 42 43 Whatsapp : 0501 680 42 43 Fabrika adresi :Velik\u00f6y Mahallesi 92.cadde no :7","_links":{"self":[{"href":"https:\/\/sarihaliyikama.com\/index.php\/wp-json\/wp\/v2\/pages\/776","targetHints":{"allow":["GET"]}}],"collection":[{"href":"https:\/\/sarihaliyikama.com\/index.php\/wp-json\/wp\/v2\/pages"}],"about":[{"href":"https:\/\/sarihaliyikama.com\/index.php\/wp-json\/wp\/v2\/types\/page"}],"author":[{"embeddable":true,"href":"https:\/\/sarihaliyikama.com\/index.php\/wp-json\/wp\/v2\/users\/1"}],"replies":[{"embeddable":true,"href":"https:\/\/sarihaliyikama.com\/index.php\/wp-json\/wp\/v2\/comments?post=776"}],"version-history":[{"count":4,"href":"https:\/\/sarihaliyikama.com\/index.php\/wp-json\/wp\/v2\/pages\/776\/revisions"}],"predecessor-version":[{"id":920,"href":"https:\/\/sarihaliyikama.com\/index.php\/wp-json\/wp\/v2\/pages\/776\/revisions\/920"}],"wp:attachment":[{"href":"https:\/\/sarihaliyikama.com\/index.php\/wp-json\/wp\/v2\/media?parent=776"}],"curies":[{"name":"wp","href":"https:\/\/api.w.org\/{rel}","templated":true}]}}