{"id":772,"date":"2025-12-02T08:55:35","date_gmt":"2025-12-02T08:55:35","guid":{"rendered":"http:\/\/sarihaliyikama.com\/?page_id=772"},"modified":"2025-12-04T16:54:19","modified_gmt":"2025-12-04T16:54:19","slug":"hizmet-bolgemiz","status":"publish","type":"page","link":"https:\/\/sarihaliyikama.com\/index.php\/hizmet-bolgemiz\/","title":{"rendered":"H\u0130ZMET B\u00d6LGEM\u0130Z"},"content":{"rendered":"<div data-colibri-id=\"772-c1\" class=\"style-737 style-local-772-c1 position-relative\">\n  <!---->\n  <div data-colibri-component=\"section\" data-colibri-id=\"772-c15\" id=\"about\" class=\"h-section h-section-global-spacing d-flex align-items-lg-center align-items-md-center align-items-center style-751 style-local-772-c15 position-relative\">\n    <!---->\n    <!---->\n    <div class=\"h-section-grid-container h-section-boxed-container\">\n      <!---->\n      <div data-colibri-id=\"772-c16\" class=\"h-row-container gutters-row-lg-0 gutters-row-md-0 gutters-row-0 gutters-row-v-lg-0 gutters-row-v-md-0 gutters-row-v-0 style-752 style-local-772-c16 position-relative\">\n        <!---->\n        <div class=\"h-row justify-content-lg-center justify-content-md-center justify-content-center align-items-lg-stretch align-items-md-stretch align-items-stretch gutters-col-lg-0 gutters-col-md-0 gutters-col-0 gutters-col-v-lg-0 gutters-col-v-md-0 gutters-col-v-0\">\n          <!---->\n          <div class=\"h-column h-column-container d-flex h-col-lg-auto h-col-md-auto h-col-auto style-753-outer style-local-772-c17-outer\">\n            <div data-colibri-id=\"772-c17\" class=\"d-flex h-flex-basis h-column__inner h-ui-empty-state-container h-px-lg-0 h-px-md-0 h-px-0 v-inner-lg-0 v-inner-md-0 v-inner-0 style-753 style-local-772-c17 position-relative\">\n              <!---->\n              <!---->\n              <div class=\"w-100 h-y-container h-column__content h-column__v-align flex-basis-100\">\n                <!---->\n              <\/div>\n            <\/div>\n          <\/div>\n          <div class=\"h-column h-column-container d-flex h-col-lg-auto h-col-md-auto h-col-auto style-754-outer style-local-772-c18-outer\">\n            <div data-colibri-id=\"772-c18\" class=\"d-flex h-flex-basis h-column__inner h-px-lg-2 h-px-md-2 h-px-2 v-inner-lg-2 v-inner-md-2 v-inner-2 style-754 style-local-772-c18 position-relative\">\n              <!---->\n              <!---->\n              <div class=\"w-100 h-y-container h-column__content h-column__v-align flex-basis-100 align-self-lg-start align-self-md-start align-self-start\">\n                <!---->\n                <div data-colibri-id=\"772-c19\" class=\"h-global-transition-all h-heading style-755 style-local-772-c19 position-relative h-element\">\n                  <!---->\n                  <div class=\"h-heading__outer style-755 style-local-772-c19\">\n                    <!---->\n                    <!---->\n                    <h4 class=\"\">H\u0130ZMET VERD\u0130\u011e\u0130M\u0130Z MAHALLELER<\/h4>\n                  <\/div>\n                <\/div>\n                <div data-colibri-id=\"772-c20\" class=\"h-global-transition-all h-heading style-756 style-local-772-c20 position-relative h-element\">\n                  <!---->\n                  <div class=\"h-heading__outer style-756 style-local-772-c20\">\n                    <!---->\n                    <!---->\n                    <h4 class=\"\">1 &#8211; Gazi Osman Pa\u015fa Mahallesi\n                      <br>2 &#8211; Gazi Mustafa Kemal Pa\u015fa Mahallesi\n                      <br>3 &#8211; Fevzi Pa\u015fa Mahallesi\n                      <br>4 &#8211; \u0130stasyon Mahallesi\n                      <br>5-&nbsp; Ba\u011fl\u0131k Mahallesi&nbsp;\n                      <br>6 &#8211; Fatih Mahallesi\n                      <br>7 &#8211; Y\u0131ld\u0131r\u0131m Beyaz\u0131t Mahallesi\n                      <br>8 &#8211; Velik\u00f6y Mahallesi\n                      <br>9 &#8211; K\u0131z\u0131lp\u0131nar Mahallesi&nbsp;<\/h4>\n                  <\/div>\n                <\/div>\n                <div data-colibri-id=\"772-c21\" class=\"h-text h-text-component style-757 style-local-772-c21 position-relative h-element\">\n                  <!---->\n                  <!---->\n                  <div class=\"\"><\/div>\n                <\/div>\n              <\/div>\n            <\/div>\n          <\/div>\n        <\/div>\n      <\/div>\n    <\/div>\n  <\/div>\n<\/div>","protected":false},"excerpt":{"rendered":"<p>H\u0130ZMET VERD\u0130\u011e\u0130M\u0130Z MAHALLELER 1 &#8211; Gazi Osman Pa\u015fa Mahallesi 2 &#8211; Gazi Mustafa Kemal Pa\u015fa Mahallesi 3 &#8211; Fevzi Pa\u015fa Mahallesi 4 &#8211; \u0130stasyon Mahallesi 5-&nbsp; Ba\u011fl\u0131k Mahallesi&nbsp; 6 &#8211; Fatih Mahallesi 7 &#8211; Y\u0131ld\u0131r\u0131m Beyaz\u0131t Mahallesi 8 &#8211; Velik\u00f6y Mahallesi 9 &#8211; K\u0131z\u0131lp\u0131nar Mahallesi&nbsp;<\/p>\n","protected":false},"author":1,"featured_media":0,"parent":0,"menu_order":2,"comment_status":"closed","ping_status":"closed","template":"page-templates\/full-width-page.php","meta":{"om_disable_all_campaigns":false,"_uag_custom_page_level_css":"","_monsterinsights_skip_tracking":false,"_monsterinsights_sitenote_active":false,"_monsterinsights_sitenote_note":"","_monsterinsights_sitenote_category":0,"footnotes":""},"class_list":["post-772","page","type-page","status-publish","hentry"],"aioseo_notices":[],"uagb_featured_image_src":{"full":false,"thumbnail":false,"medium":false,"medium_large":false,"large":false,"1536x1536":false,"2048x2048":false},"uagb_author_info":{"display_name":"admin","author_link":"https:\/\/sarihaliyikama.com\/index.php\/author\/admin\/"},"uagb_comment_info":0,"uagb_excerpt":"H\u0130ZMET VERD\u0130\u011e\u0130M\u0130Z MAHALLELER 1 &#8211; Gazi Osman Pa\u015fa Mahallesi 2 &#8211; Gazi Mustafa Kemal Pa\u015fa Mahallesi 3 &#8211; Fevzi Pa\u015fa Mahallesi 4 &#8211; \u0130stasyon Mahallesi 5-&nbsp; Ba\u011fl\u0131k Mahallesi&nbsp; 6 &#8211; Fatih Mahallesi 7 &#8211; Y\u0131ld\u0131r\u0131m Beyaz\u0131t Mahallesi 8 &#8211; Velik\u00f6y Mahallesi 9 &#8211; K\u0131z\u0131lp\u0131nar Mahallesi&nbsp;","_links":{"self":[{"href":"https:\/\/sarihaliyikama.com\/index.php\/wp-json\/wp\/v2\/pages\/772","targetHints":{"allow":["GET"]}}],"collection":[{"href":"https:\/\/sarihaliyikama.com\/index.php\/wp-json\/wp\/v2\/pages"}],"about":[{"href":"https:\/\/sarihaliyikama.com\/index.php\/wp-json\/wp\/v2\/types\/page"}],"author":[{"embeddable":true,"href":"https:\/\/sarihaliyikama.com\/index.php\/wp-json\/wp\/v2\/users\/1"}],"replies":[{"embeddable":true,"href":"https:\/\/sarihaliyikama.com\/index.php\/wp-json\/wp\/v2\/comments?post=772"}],"version-history":[{"count":5,"href":"https:\/\/sarihaliyikama.com\/index.php\/wp-json\/wp\/v2\/pages\/772\/revisions"}],"predecessor-version":[{"id":858,"href":"https:\/\/sarihaliyikama.com\/index.php\/wp-json\/wp\/v2\/pages\/772\/revisions\/858"}],"wp:attachment":[{"href":"https:\/\/sarihaliyikama.com\/index.php\/wp-json\/wp\/v2\/media?parent=772"}],"curies":[{"name":"wp","href":"https:\/\/api.w.org\/{rel}","templated":true}]}}